{"id":1865,"date":"2020-12-15T14:02:05","date_gmt":"2020-12-15T13:02:05","guid":{"rendered":"https:\/\/mljalespayscevennes.com\/?page_id=1865"},"modified":"2023-10-06T01:11:28","modified_gmt":"2023-10-05T23:11:28","slug":"appels-offres","status":"publish","type":"page","link":"https:\/\/mljalespayscevennes.com\/index.php\/appels-offres\/","title":{"rendered":"Appels d&rsquo;Offres"},"content":{"rendered":"\t\t<div data-elementor-type=\"wp-page\" data-elementor-id=\"1865\" class=\"elementor elementor-1865\" data-elementor-settings=\"[]\">\n\t\t\t\t\t\t<div class=\"elementor-inner\">\n\t\t\t\t\t\t\t<div class=\"elementor-section-wrap\">\n\t\t\t\t\t\t\t<section data-particle_enable=\"false\" data-particle-mobile-disabled=\"false\" class=\"elementor-section elementor-top-section elementor-element elementor-element-71f6119c elementor-section-height-min-height elementor-section-content-middle elementor-section-boxed elementor-section-height-default elementor-section-items-middle\" data-id=\"71f6119c\" data-element_type=\"section\" data-settings=\"{&quot;background_background&quot;:&quot;classic&quot;}\">\n\t\t\t\t\t\t<div class=\"elementor-container elementor-column-gap-default\">\n\t\t\t\t\t\t\t<div class=\"elementor-row\">\n\t\t\t\t\t<div class=\"elementor-column elementor-col-100 elementor-top-column elementor-element elementor-element-e2f0dc0\" data-id=\"e2f0dc0\" data-element_type=\"column\">\n\t\t\t<div class=\"elementor-column-wrap\">\n\t\t\t\t\t\t\t<div class=\"elementor-widget-wrap\">\n\t\t\t\t\t\t\t\t<\/div>\n\t\t\t\t\t<\/div>\n\t\t<\/div>\n\t\t\t\t\t\t\t\t<\/div>\n\t\t\t\t\t<\/div>\n\t\t<\/section>\n\t\t\t\t<section data-particle_enable=\"false\" data-particle-mobile-disabled=\"false\" class=\"elementor-section elementor-top-section elementor-element elementor-element-117b461c elementor-section-boxed elementor-section-height-default elementor-section-height-default\" data-id=\"117b461c\" data-element_type=\"section\" data-settings=\"{&quot;background_background&quot;:&quot;classic&quot;}\">\n\t\t\t\t\t\t<div class=\"elementor-container elementor-column-gap-default\">\n\t\t\t\t\t\t\t<div class=\"elementor-row\">\n\t\t\t\t\t<div class=\"elementor-column elementor-col-100 elementor-top-column elementor-element elementor-element-6fee8182\" data-id=\"6fee8182\" data-element_type=\"column\">\n\t\t\t<div class=\"elementor-column-wrap elementor-element-populated\">\n\t\t\t\t\t\t\t<div class=\"elementor-widget-wrap\">\n\t\t\t\t\t\t<div class=\"elementor-element elementor-element-6a968174 elementor-widget elementor-widget-heading\" data-id=\"6a968174\" data-element_type=\"widget\" data-widget_type=\"heading.default\">\n\t\t\t\t<div class=\"elementor-widget-container\">\n\t\t\t<div class=\"elementor-heading-title elementor-size-default\">MLJ Al\u00e8s-pays c\u00e9vennes<\/div>\t\t<\/div>\n\t\t\t\t<\/div>\n\t\t\t\t<div class=\"elementor-element elementor-element-5c928c0 elementor-widget elementor-widget-heading\" data-id=\"5c928c0\" data-element_type=\"widget\" data-widget_type=\"heading.default\">\n\t\t\t\t<div class=\"elementor-widget-container\">\n\t\t\t<h2 class=\"elementor-heading-title elementor-size-default\">Appels d'Offres<\/h2>\t\t<\/div>\n\t\t\t\t<\/div>\n\t\t\t\t<div data-particle_enable=\"false\" data-particle-mobile-disabled=\"false\" class=\"elementor-section elementor-inner-section elementor-element elementor-element-146a6b4f elementor-section-boxed elementor-section-height-default elementor-section-height-default\" data-id=\"146a6b4f\" data-element_type=\"section\" data-settings=\"{&quot;background_background&quot;:&quot;classic&quot;}\">\n\t\t\t\t\t\t<div class=\"elementor-container elementor-column-gap-default\">\n\t\t\t\t\t\t\t<div class=\"elementor-row\">\n\t\t\t\t\t<div class=\"elementor-column elementor-col-33 elementor-inner-column elementor-element elementor-element-53589090\" data-id=\"53589090\" data-element_type=\"column\">\n\t\t\t<div class=\"elementor-column-wrap elementor-element-populated\">\n\t\t\t\t\t\t\t<div class=\"elementor-widget-wrap\">\n\t\t\t\t\t\t<div class=\"elementor-element elementor-element-7ed665a elementor-widget elementor-widget-heading\" data-id=\"7ed665a\" data-element_type=\"widget\" data-widget_type=\"heading.default\">\n\t\t\t\t<div class=\"elementor-widget-container\">\n\t\t\t<h5 class=\"elementor-heading-title elementor-size-default\">PRESTATIONS CONTRAT D'ENGAGEMENT JEUNES<\/h5>\t\t<\/div>\n\t\t\t\t<\/div>\n\t\t\t\t\t\t<\/div>\n\t\t\t\t\t<\/div>\n\t\t<\/div>\n\t\t\t\t<div class=\"elementor-column elementor-col-33 elementor-inner-column elementor-element elementor-element-3859213f\" data-id=\"3859213f\" data-element_type=\"column\">\n\t\t\t<div class=\"elementor-column-wrap elementor-element-populated\">\n\t\t\t\t\t\t\t<div class=\"elementor-widget-wrap\">\n\t\t\t\t\t\t<div class=\"elementor-element elementor-element-f9f3636 elementor-widget elementor-widget-heading\" data-id=\"f9f3636\" data-element_type=\"widget\" data-widget_type=\"heading.default\">\n\t\t\t\t<div class=\"elementor-widget-container\">\n\t\t\t<div class=\"elementor-heading-title elementor-size-default\">DATE LIMITE DE R\u00c9PONSE :<\/div>\t\t<\/div>\n\t\t\t\t<\/div>\n\t\t\t\t<div class=\"elementor-element elementor-element-9fdf929 elementor-widget elementor-widget-heading\" data-id=\"9fdf929\" data-element_type=\"widget\" data-widget_type=\"heading.default\">\n\t\t\t\t<div class=\"elementor-widget-container\">\n\t\t\t<div class=\"elementor-heading-title elementor-size-default\">30 OCTOBRE 2023<\/div>\t\t<\/div>\n\t\t\t\t<\/div>\n\t\t\t\t\t\t<\/div>\n\t\t\t\t\t<\/div>\n\t\t<\/div>\n\t\t\t\t<div class=\"elementor-column elementor-col-33 elementor-inner-column elementor-element elementor-element-6e2da96a\" data-id=\"6e2da96a\" data-element_type=\"column\">\n\t\t\t<div class=\"elementor-column-wrap elementor-element-populated\">\n\t\t\t\t\t\t\t<div class=\"elementor-widget-wrap\">\n\t\t\t\t\t\t<div class=\"elementor-element elementor-element-6162a43 elementor-widget elementor-widget-heading\" data-id=\"6162a43\" data-element_type=\"widget\" data-widget_type=\"heading.default\">\n\t\t\t\t<div class=\"elementor-widget-container\">\n\t\t\t<div class=\"elementor-heading-title elementor-size-default\"><a href=\"https:\/\/mljalespayscevennes.com\/wp-content\/uploads\/2023\/10\/Appel-a-candidature-autonomie-sociale-et-professionnelle-CEJ-2024.pdf\" target=\"_blank\">CAHIER DES CHARGES N\u00b01<\/a><\/div>\t\t<\/div>\n\t\t\t\t<\/div>\n\t\t\t\t<div class=\"elementor-element elementor-element-6d83739 elementor-widget elementor-widget-heading\" data-id=\"6d83739\" data-element_type=\"widget\" data-widget_type=\"heading.default\">\n\t\t\t\t<div class=\"elementor-widget-container\">\n\t\t\t<div class=\"elementor-heading-title elementor-size-default\"><a href=\"https:\/\/mljalespayscevennes.com\/wp-content\/uploads\/2023\/10\/Appel-candidature-TRE-CEJ-2024-VF.pdf\" target=\"_blank\">CAHIER DES CHARGES N\u00b02<\/a><\/div>\t\t<\/div>\n\t\t\t\t<\/div>\n\t\t\t\t\t\t<\/div>\n\t\t\t\t\t<\/div>\n\t\t<\/div>\n\t\t\t\t\t\t\t\t<\/div>\n\t\t\t\t\t<\/div>\n\t\t<\/div>\n\t\t\t\t<div class=\"elementor-element elementor-element-83ca040 elementor-widget elementor-widget-text-editor\" data-id=\"83ca040\" data-element_type=\"widget\" data-widget_type=\"text-editor.default\">\n\t\t\t\t<div class=\"elementor-widget-container\">\n\t\t\t\t\t<div class=\"elementor-text-editor elementor-clearfix\"><p><span style=\"color: #333333;\">Appels \u00e0 candidature concernant le Contrat Engagement Jeunes \u2013 CEJ :<br>\u2022 D\u00e9veloppement de l\u2019autonomie sociale et professionnelle des jeunes (6 \u00e0 7 jours)<br>\u2022 Technique de Recherche d\u2019Emploi (4 \u00e0 5 jours)<\/span><\/p><p><span style=\"color: #333333;\">Chaque cahier des charges d\u00e9finit les contours de la prestation mise en \u0153uvre au sein du Contrat Engagement Jeunes et notamment pendant les ateliers et\/ou entretiens individuels du 1er mois d\u2019accompagnement intensif.<\/span><\/p><p><span style=\"color: #333333;\">La prestation demand\u00e9e se fera en compl\u00e9mentarit\u00e9 des actions mise en \u0153uvre par la MLJ Al\u00e8s Pays C\u00e9vennes et devra r\u00e9pondre \u00e0 des objectifs transversaux et \u00e0 un objectif final qui sera de conduire le jeune \u00e0 sa premi\u00e8re PMSMP, \u00e0 l\u2019emploi ou \u00e0 une formation qualifiante (sorties positives et\/ou solutions structurantes).<\/span><\/p>\n<p>L\u2019action se d\u00e9roulera du 1er Janvier 2024 au 31 D\u00e9cembre 2024 et le retour des propositions est attendu pour le Lundi 30 Octobre 2023 au plus tard.<\/p><\/div>\n\t\t\t\t<\/div>\n\t\t\t\t<\/div>\n\t\t\t\t\t\t<\/div>\n\t\t\t\t\t<\/div>\n\t\t<\/div>\n\t\t\t\t\t\t\t\t<\/div>\n\t\t\t\t\t<\/div>\n\t\t<\/section>\n\t\t\t\t<section data-particle_enable=\"false\" data-particle-mobile-disabled=\"false\" class=\"elementor-section elementor-top-section elementor-element elementor-element-1a85762 elementor-section-boxed elementor-section-height-default elementor-section-height-default\" data-id=\"1a85762\" data-element_type=\"section\" data-settings=\"{&quot;background_background&quot;:&quot;classic&quot;}\">\n\t\t\t\t\t\t<div class=\"elementor-container elementor-column-gap-default\">\n\t\t\t\t\t\t\t<div class=\"elementor-row\">\n\t\t\t\t\t<div class=\"elementor-column elementor-col-100 elementor-top-column elementor-element elementor-element-06f7dcb\" data-id=\"06f7dcb\" data-element_type=\"column\">\n\t\t\t<div class=\"elementor-column-wrap elementor-element-populated\">\n\t\t\t\t\t\t\t<div class=\"elementor-widget-wrap\">\n\t\t\t\t\t\t<div class=\"elementor-element elementor-element-58a3456 elementor-widget elementor-widget-spacer\" data-id=\"58a3456\" data-element_type=\"widget\" data-widget_type=\"spacer.default\">\n\t\t\t\t<div class=\"elementor-widget-container\">\n\t\t\t\t\t<div class=\"elementor-spacer\">\n\t\t\t<div class=\"elementor-spacer-inner\"><\/div>\n\t\t<\/div>\n\t\t\t\t<\/div>\n\t\t\t\t<\/div>\n\t\t\t\t\t\t<\/div>\n\t\t\t\t\t<\/div>\n\t\t<\/div>\n\t\t\t\t\t\t\t\t<\/div>\n\t\t\t\t\t<\/div>\n\t\t<\/section>\n\t\t\t\t<footer data-particle_enable=\"false\" data-particle-mobile-disabled=\"false\" class=\"elementor-section elementor-top-section elementor-element elementor-element-6e8466ee elementor-section-content-middle elementor-section-boxed elementor-section-height-default elementor-section-height-default\" data-id=\"6e8466ee\" data-element_type=\"section\" data-settings=\"{&quot;background_background&quot;:&quot;classic&quot;}\">\n\t\t\t\t\t\t<div class=\"elementor-container elementor-column-gap-default\">\n\t\t\t\t\t\t\t<div class=\"elementor-row\">\n\t\t\t\t\t<div class=\"elementor-column elementor-col-16 elementor-top-column elementor-element elementor-element-46d2464e\" data-id=\"46d2464e\" data-element_type=\"column\">\n\t\t\t<div class=\"elementor-column-wrap elementor-element-populated\">\n\t\t\t\t\t\t\t<div class=\"elementor-widget-wrap\">\n\t\t\t\t\t\t<div class=\"elementor-element elementor-element-7dcdb70c elementor-widget elementor-widget-theme-site-logo elementor-widget-image\" data-id=\"7dcdb70c\" data-element_type=\"widget\" data-widget_type=\"theme-site-logo.default\">\n\t\t\t\t<div class=\"elementor-widget-container\">\n\t\t\t\t\t<div class=\"elementor-image\">\n\t\t\t\t\t\t\t\t\t\t\t<a href=\"https:\/\/mljalespayscevennes.com\">\n\t\t\t\t\t\t\t<img width=\"366\" height=\"81\" src=\"https:\/\/mljalespayscevennes.com\/wp-content\/uploads\/2020\/12\/cropped-MLJ-Ales-Logo-Site-1.png\" class=\"attachment-full size-full\" alt=\"\" loading=\"lazy\" srcset=\"https:\/\/mljalespayscevennes.com\/wp-content\/uploads\/2020\/12\/cropped-MLJ-Ales-Logo-Site-1.png 366w, https:\/\/mljalespayscevennes.com\/wp-content\/uploads\/2020\/12\/cropped-MLJ-Ales-Logo-Site-1-300x66.png 300w\" sizes=\"(max-width: 366px) 100vw, 366px\" \/>\t\t\t\t\t\t\t\t<\/a>\n\t\t\t\t\t\t\t\t\t\t\t<\/div>\n\t\t\t\t<\/div>\n\t\t\t\t<\/div>\n\t\t\t\t\t\t<\/div>\n\t\t\t\t\t<\/div>\n\t\t<\/div>\n\t\t\t\t<div class=\"elementor-column elementor-col-66 elementor-top-column elementor-element elementor-element-23243bd0\" data-id=\"23243bd0\" data-element_type=\"column\">\n\t\t\t<div class=\"elementor-column-wrap elementor-element-populated\">\n\t\t\t\t\t\t\t<div class=\"elementor-widget-wrap\">\n\t\t\t\t\t\t<div class=\"elementor-element elementor-element-48554b07 elementor-widget elementor-widget-heading\" data-id=\"48554b07\" data-element_type=\"widget\" data-widget_type=\"heading.default\">\n\t\t\t\t<div class=\"elementor-widget-container\">\n\t\t\t<h3 class=\"elementor-heading-title elementor-size-default\">\u00a9 2020 Mission Locale Jeunes Al\u00e8s-Pays C\u00e9vennes<\/h3>\t\t<\/div>\n\t\t\t\t<\/div>\n\t\t\t\t\t\t<\/div>\n\t\t\t\t\t<\/div>\n\t\t<\/div>\n\t\t\t\t<div class=\"elementor-column elementor-col-16 elementor-top-column elementor-element elementor-element-3b9f1d8b\" data-id=\"3b9f1d8b\" data-element_type=\"column\">\n\t\t\t<div class=\"elementor-column-wrap elementor-element-populated\">\n\t\t\t\t\t\t\t<div class=\"elementor-widget-wrap\">\n\t\t\t\t\t\t<div class=\"elementor-element elementor-element-505424fc elementor-shape-rounded elementor-grid-0 elementor-widget elementor-widget-social-icons\" data-id=\"505424fc\" data-element_type=\"widget\" data-widget_type=\"social-icons.default\">\n\t\t\t\t<div class=\"elementor-widget-container\">\n\t\t\t\t\t<div class=\"elementor-social-icons-wrapper elementor-grid\">\n\t\t\t\t\t\t\t<div class=\"elementor-grid-item\">\n\t\t\t\t\t<a class=\"elementor-icon elementor-social-icon elementor-social-icon-facebook-f elementor-repeater-item-9969882\" href=\"https:\/\/www.facebook.com\/mljales\" target=\"_blank\">\n\t\t\t\t\t\t<span class=\"elementor-screen-only\">Facebook-f<\/span>\n\t\t\t\t\t\t<i class=\"fab fa-facebook-f\"><\/i>\t\t\t\t\t<\/a>\n\t\t\t\t<\/div>\n\t\t\t\t\t<\/div>\n\t\t\t\t<\/div>\n\t\t\t\t<\/div>\n\t\t\t\t\t\t<\/div>\n\t\t\t\t\t<\/div>\n\t\t<\/div>\n\t\t\t\t\t\t\t\t<\/div>\n\t\t\t\t\t<\/div>\n\t\t<\/footer>\n\t\t\t\t\t\t<\/div>\n\t\t\t\t\t\t<\/div>\n\t\t\t\t\t<\/div>\n\t\t","protected":false},"excerpt":{"rendered":"<p>MLJ Al\u00e8s-pays c\u00e9vennes Appels d&rsquo;Offres PRESTATIONS CONTRAT D&rsquo;ENGAGEMENT JEUNES DATE LIMITE DE R\u00c9PONSE : 30 OCTOBRE 2023 CAHIER DES CHARGES N\u00b01 CAHIER DES CHARGES N\u00b02 Appels \u00e0 candidature concernant le Contrat Engagement Jeunes \u2013 CEJ :\u2022 D\u00e9veloppement de l\u2019autonomie sociale et professionnelle des jeunes (6 \u00e0 7 jours)\u2022 Technique de Recherche d\u2019Emploi (4 \u00e0 5 [&hellip;]<\/p>\n","protected":false},"author":1,"featured_media":0,"parent":0,"menu_order":0,"comment_status":"closed","ping_status":"closed","template":"","meta":[],"_links":{"self":[{"href":"https:\/\/mljalespayscevennes.com\/index.php\/wp-json\/wp\/v2\/pages\/1865"}],"collection":[{"href":"https:\/\/mljalespayscevennes.com\/index.php\/wp-json\/wp\/v2\/pages"}],"about":[{"href":"https:\/\/mljalespayscevennes.com\/index.php\/wp-json\/wp\/v2\/types\/page"}],"author":[{"embeddable":true,"href":"https:\/\/mljalespayscevennes.com\/index.php\/wp-json\/wp\/v2\/users\/1"}],"replies":[{"embeddable":true,"href":"https:\/\/mljalespayscevennes.com\/index.php\/wp-json\/wp\/v2\/comments?post=1865"}],"version-history":[{"count":67,"href":"https:\/\/mljalespayscevennes.com\/index.php\/wp-json\/wp\/v2\/pages\/1865\/revisions"}],"predecessor-version":[{"id":2521,"href":"https:\/\/mljalespayscevennes.com\/index.php\/wp-json\/wp\/v2\/pages\/1865\/revisions\/2521"}],"wp:attachment":[{"href":"https:\/\/mljalespayscevennes.com\/index.php\/wp-json\/wp\/v2\/media?parent=1865"}],"curies":[{"name":"wp","href":"https:\/\/api.w.org\/{rel}","templated":true}]}}